{"id":2538,"date":"2020-04-14T09:10:40","date_gmt":"2020-04-14T08:10:40","guid":{"rendered":"https:\/\/www.ucogras.be\/?page_id=2538"},"modified":"2020-04-14T09:40:39","modified_gmt":"2020-04-14T08:40:39","slug":"tankopslag","status":"publish","type":"page","link":"https:\/\/www.ucogras.be\/fr\/sectoren-2\/tankopslag\/","title":{"rendered":"Tankopslag"},"content":{"rendered":"\n<p>L\u2019entreposage de liquides (entreposage en r\u00e9servoir et terminal de r\u00e9servoirs) constitue un maillon important dans le commerce des huiles et graisses animales et v\u00e9g\u00e9tales et produits ol\u00e9ochimiques.<\/p>\n\n\n\n<p>Diff\u00e9rents acteurs qui s\u2019occupent d\u2019entreposage de marchandises liquides en vrac re\u00e7oivent des parties d\u2019outre-mer de milliers de tonnes, qui sont ensuite collect\u00e9es en lots plus petits avec des p\u00e9niches ou camions citernes.<\/p>\n\n\n\n<figure class=\"wp-block-image size-large is-resized\"><img loading=\"lazy\" decoding=\"async\" src=\"http:\/\/www.ucogras.be\/wp-content\/uploads\/2020\/03\/gray-metal-industrial-machine-at-golden-hour-2253595-1024x683.jpg\" alt=\"\" class=\"wp-image-2464\" width=\"768\" height=\"512\" srcset=\"https:\/\/www.ucogras.be\/wp-content\/uploads\/2020\/03\/gray-metal-industrial-machine-at-golden-hour-2253595-1024x683.jpg 1024w, https:\/\/www.ucogras.be\/wp-content\/uploads\/2020\/03\/gray-metal-industrial-machine-at-golden-hour-2253595-300x200.jpg 300w, https:\/\/www.ucogras.be\/wp-content\/uploads\/2020\/03\/gray-metal-industrial-machine-at-golden-hour-2253595-768x512.jpg 768w, https:\/\/www.ucogras.be\/wp-content\/uploads\/2020\/03\/gray-metal-industrial-machine-at-golden-hour-2253595-1536x1024.jpg 1536w, https:\/\/www.ucogras.be\/wp-content\/uploads\/2020\/03\/gray-metal-industrial-machine-at-golden-hour-2253595-2048x1365.jpg 2048w\" sizes=\"auto, (max-width: 768px) 100vw, 768px\" \/><\/figure>\n\n\n\n<p>Certaines de ces huiles sont stock\u00e9es chaudes dans des r\u00e9servoirs avec des serpentins de chauffage (ou parfois des r\u00e9servoirs \u00e0 chauffage \u00e9lectrique) qui sont \u00e9galement isol\u00e9s. En effet, elles se solidifient \u00e0 temp\u00e9rature ambiante normale, ou sont trop \u00e9paisses pour \u00eatre pomp\u00e9es. Certains produits doivent \u00e9galement \u00eatre entrepos\u00e9s sous atmosph\u00e8re d\u2019azote pour des raisons de qualit\u00e9.<\/p>\n\n\n\n<p>Des huiles ou produits ol\u00e9ochimiques sp\u00e9ciaux sont souvent livr\u00e9s en conteneurs citernes, g\u00e9n\u00e9ralement depuis l\u2019Extr\u00eame-Orient. Ces conteneurs arrivent dans des terminaux \u00e0 conteneurs et peuvent poursuivre directement leur chemin vers leur destination finale, ou \u00eatre d\u00e9charg\u00e9s dans un r\u00e9servoir pour \u00eatre revendus ensuite en Europe.<\/p>\n\n\n\n<figure class=\"wp-block-image size-large is-resized\"><img loading=\"lazy\" decoding=\"async\" src=\"http:\/\/www.ucogras.be\/wp-content\/uploads\/2020\/03\/low-angle-photo-of-black-tower-1385056-1024x683.jpg\" alt=\"\" class=\"wp-image-2466\" width=\"768\" height=\"512\" srcset=\"https:\/\/www.ucogras.be\/wp-content\/uploads\/2020\/03\/low-angle-photo-of-black-tower-1385056-1024x683.jpg 1024w, https:\/\/www.ucogras.be\/wp-content\/uploads\/2020\/03\/low-angle-photo-of-black-tower-1385056-300x200.jpg 300w, https:\/\/www.ucogras.be\/wp-content\/uploads\/2020\/03\/low-angle-photo-of-black-tower-1385056-768x512.jpg 768w, https:\/\/www.ucogras.be\/wp-content\/uploads\/2020\/03\/low-angle-photo-of-black-tower-1385056-1536x1024.jpg 1536w, https:\/\/www.ucogras.be\/wp-content\/uploads\/2020\/03\/low-angle-photo-of-black-tower-1385056-2048x1365.jpg 2048w\" sizes=\"auto, (max-width: 768px) 100vw, 768px\" \/><\/figure>\n\n\n\n<p>Les entreprises de stockage en r\u00e9servoir qui entreposent des huiles, des graisses ou des produits ol\u00e9ochimiques utilis\u00e9s dans la cha\u00eene alimentaire pour la consommation humaine ou animale doivent disposer d\u2019un plan HACCP et \u00eatre certifi\u00e9es GMP. Les terminaux qui veulent entreposer des produits n\u00e9goci\u00e9s via des contrats NOFOTA doivent \u00e9galement \u00eatre certifi\u00e9s NOFOTA.<\/p>\n","protected":false},"excerpt":{"rendered":"<p>L\u2019entreposage de liquides (entreposage en r\u00e9servoir et terminal de r\u00e9servoirs) constitue un maillon important dans le commerce des huiles et graisses animales et v\u00e9g\u00e9tales et produits ol\u00e9ochimiques. Diff\u00e9rents acteurs qui s\u2019occupent d\u2019entreposage de marchandises liquides en vrac re\u00e7oivent des parties d\u2019outre-mer de milliers de tonnes, qui sont ensuite collect\u00e9es en lots plus petits avec des [&hellip;]<\/p>\n","protected":false},"author":1,"featured_media":0,"parent":2510,"menu_order":0,"comment_status":"closed","ping_status":"closed","template":"","meta":{"footnotes":""},"class_list":["post-2538","page","type-page","status-publish","hentry"],"yoast_head":"<!-- This site is optimized with the Yoast SEO plugin v27.4 - https:\/\/yoast.com\/product\/yoast-seo-wordpress\/ -->\n<title>Tankopslag - Ucogras<\/title>\n<meta name=\"robots\" content=\"index, follow, max-snippet:-1, max-image-preview:large, max-video-preview:-1\" \/>\n<link rel=\"canonical\" href=\"https:\/\/www.ucogras.be\/fr\/sectoren-2\/tankopslag\/\" \/>\n<meta property=\"og:locale\" content=\"fr_FR\" \/>\n<meta property=\"og:type\" content=\"article\" \/>\n<meta property=\"og:title\" content=\"Tankopslag - Ucogras\" \/>\n<meta property=\"og:description\" content=\"L\u2019entreposage de liquides (entreposage en r\u00e9servoir et terminal de r\u00e9servoirs) constitue un maillon important dans le commerce des huiles et graisses animales et v\u00e9g\u00e9tales et produits ol\u00e9ochimiques. Diff\u00e9rents acteurs qui s\u2019occupent d\u2019entreposage de marchandises liquides en vrac re\u00e7oivent des parties d\u2019outre-mer de milliers de tonnes, qui sont ensuite collect\u00e9es en lots plus petits avec des [&hellip;]\" \/>\n<meta property=\"og:url\" content=\"https:\/\/www.ucogras.be\/fr\/sectoren-2\/tankopslag\/\" \/>\n<meta property=\"og:site_name\" content=\"Ucogras\" \/>\n<meta property=\"article:modified_time\" content=\"2020-04-14T08:40:39+00:00\" \/>\n<meta property=\"og:image\" content=\"http:\/\/www.ucogras.be\/wp-content\/uploads\/2020\/03\/gray-metal-industrial-machine-at-golden-hour-2253595-1024x683.jpg\" \/>\n<meta name=\"twitter:label1\" content=\"Dur\u00e9e de lecture estim\u00e9e\" \/>\n\t<meta name=\"twitter:data1\" content=\"1 minute\" \/>\n<script type=\"application\/ld+json\" class=\"yoast-schema-graph\">{\"@context\":\"https:\\\/\\\/schema.org\",\"@graph\":[{\"@type\":\"WebPage\",\"@id\":\"https:\\\/\\\/www.ucogras.be\\\/fr\\\/sectoren-2\\\/tankopslag\\\/\",\"url\":\"https:\\\/\\\/www.ucogras.be\\\/fr\\\/sectoren-2\\\/tankopslag\\\/\",\"name\":\"Tankopslag - Ucogras\",\"isPartOf\":{\"@id\":\"https:\\\/\\\/www.ucogras.be\\\/fr\\\/#website\"},\"primaryImageOfPage\":{\"@id\":\"https:\\\/\\\/www.ucogras.be\\\/fr\\\/sectoren-2\\\/tankopslag\\\/#primaryimage\"},\"image\":{\"@id\":\"https:\\\/\\\/www.ucogras.be\\\/fr\\\/sectoren-2\\\/tankopslag\\\/#primaryimage\"},\"thumbnailUrl\":\"http:\\\/\\\/www.ucogras.be\\\/wp-content\\\/uploads\\\/2020\\\/03\\\/gray-metal-industrial-machine-at-golden-hour-2253595-1024x683.jpg\",\"datePublished\":\"2020-04-14T08:10:40+00:00\",\"dateModified\":\"2020-04-14T08:40:39+00:00\",\"breadcrumb\":{\"@id\":\"https:\\\/\\\/www.ucogras.be\\\/fr\\\/sectoren-2\\\/tankopslag\\\/#breadcrumb\"},\"inLanguage\":\"fr-FR\",\"potentialAction\":[{\"@type\":\"ReadAction\",\"target\":[\"https:\\\/\\\/www.ucogras.be\\\/fr\\\/sectoren-2\\\/tankopslag\\\/\"]}]},{\"@type\":\"ImageObject\",\"inLanguage\":\"fr-FR\",\"@id\":\"https:\\\/\\\/www.ucogras.be\\\/fr\\\/sectoren-2\\\/tankopslag\\\/#primaryimage\",\"url\":\"http:\\\/\\\/www.ucogras.be\\\/wp-content\\\/uploads\\\/2020\\\/03\\\/gray-metal-industrial-machine-at-golden-hour-2253595-1024x683.jpg\",\"contentUrl\":\"http:\\\/\\\/www.ucogras.be\\\/wp-content\\\/uploads\\\/2020\\\/03\\\/gray-metal-industrial-machine-at-golden-hour-2253595-1024x683.jpg\"},{\"@type\":\"BreadcrumbList\",\"@id\":\"https:\\\/\\\/www.ucogras.be\\\/fr\\\/sectoren-2\\\/tankopslag\\\/#breadcrumb\",\"itemListElement\":[{\"@type\":\"ListItem\",\"position\":1,\"name\":\"Home\",\"item\":\"https:\\\/\\\/www.ucogras.be\\\/fr\\\/\"},{\"@type\":\"ListItem\",\"position\":2,\"name\":\"Secteurs\",\"item\":\"https:\\\/\\\/www.ucogras.be\\\/fr\\\/sectoren-2\\\/\"},{\"@type\":\"ListItem\",\"position\":3,\"name\":\"Tankopslag\"}]},{\"@type\":\"WebSite\",\"@id\":\"https:\\\/\\\/www.ucogras.be\\\/fr\\\/#website\",\"url\":\"https:\\\/\\\/www.ucogras.be\\\/fr\\\/\",\"name\":\"Ucogras\",\"description\":\"Belgische beroepsvereniging oli\u00ebn en vetten\",\"potentialAction\":[{\"@type\":\"SearchAction\",\"target\":{\"@type\":\"EntryPoint\",\"urlTemplate\":\"https:\\\/\\\/www.ucogras.be\\\/fr\\\/?s={search_term_string}\"},\"query-input\":{\"@type\":\"PropertyValueSpecification\",\"valueRequired\":true,\"valueName\":\"search_term_string\"}}],\"inLanguage\":\"fr-FR\"}]}<\/script>\n<!-- \/ Yoast SEO plugin. -->","yoast_head_json":{"title":"Tankopslag - Ucogras","robots":{"index":"index","follow":"follow","max-snippet":"max-snippet:-1","max-image-preview":"max-image-preview:large","max-video-preview":"max-video-preview:-1"},"canonical":"https:\/\/www.ucogras.be\/fr\/sectoren-2\/tankopslag\/","og_locale":"fr_FR","og_type":"article","og_title":"Tankopslag - Ucogras","og_description":"L\u2019entreposage de liquides (entreposage en r\u00e9servoir et terminal de r\u00e9servoirs) constitue un maillon important dans le commerce des huiles et graisses animales et v\u00e9g\u00e9tales et produits ol\u00e9ochimiques. Diff\u00e9rents acteurs qui s\u2019occupent d\u2019entreposage de marchandises liquides en vrac re\u00e7oivent des parties d\u2019outre-mer de milliers de tonnes, qui sont ensuite collect\u00e9es en lots plus petits avec des [&hellip;]","og_url":"https:\/\/www.ucogras.be\/fr\/sectoren-2\/tankopslag\/","og_site_name":"Ucogras","article_modified_time":"2020-04-14T08:40:39+00:00","og_image":[{"url":"http:\/\/www.ucogras.be\/wp-content\/uploads\/2020\/03\/gray-metal-industrial-machine-at-golden-hour-2253595-1024x683.jpg","type":"","width":"","height":""}],"twitter_misc":{"Dur\u00e9e de lecture estim\u00e9e":"1 minute"},"schema":{"@context":"https:\/\/schema.org","@graph":[{"@type":"WebPage","@id":"https:\/\/www.ucogras.be\/fr\/sectoren-2\/tankopslag\/","url":"https:\/\/www.ucogras.be\/fr\/sectoren-2\/tankopslag\/","name":"Tankopslag - Ucogras","isPartOf":{"@id":"https:\/\/www.ucogras.be\/fr\/#website"},"primaryImageOfPage":{"@id":"https:\/\/www.ucogras.be\/fr\/sectoren-2\/tankopslag\/#primaryimage"},"image":{"@id":"https:\/\/www.ucogras.be\/fr\/sectoren-2\/tankopslag\/#primaryimage"},"thumbnailUrl":"http:\/\/www.ucogras.be\/wp-content\/uploads\/2020\/03\/gray-metal-industrial-machine-at-golden-hour-2253595-1024x683.jpg","datePublished":"2020-04-14T08:10:40+00:00","dateModified":"2020-04-14T08:40:39+00:00","breadcrumb":{"@id":"https:\/\/www.ucogras.be\/fr\/sectoren-2\/tankopslag\/#breadcrumb"},"inLanguage":"fr-FR","potentialAction":[{"@type":"ReadAction","target":["https:\/\/www.ucogras.be\/fr\/sectoren-2\/tankopslag\/"]}]},{"@type":"ImageObject","inLanguage":"fr-FR","@id":"https:\/\/www.ucogras.be\/fr\/sectoren-2\/tankopslag\/#primaryimage","url":"http:\/\/www.ucogras.be\/wp-content\/uploads\/2020\/03\/gray-metal-industrial-machine-at-golden-hour-2253595-1024x683.jpg","contentUrl":"http:\/\/www.ucogras.be\/wp-content\/uploads\/2020\/03\/gray-metal-industrial-machine-at-golden-hour-2253595-1024x683.jpg"},{"@type":"BreadcrumbList","@id":"https:\/\/www.ucogras.be\/fr\/sectoren-2\/tankopslag\/#breadcrumb","itemListElement":[{"@type":"ListItem","position":1,"name":"Home","item":"https:\/\/www.ucogras.be\/fr\/"},{"@type":"ListItem","position":2,"name":"Secteurs","item":"https:\/\/www.ucogras.be\/fr\/sectoren-2\/"},{"@type":"ListItem","position":3,"name":"Tankopslag"}]},{"@type":"WebSite","@id":"https:\/\/www.ucogras.be\/fr\/#website","url":"https:\/\/www.ucogras.be\/fr\/","name":"Ucogras","description":"Belgische beroepsvereniging oli\u00ebn en vetten","potentialAction":[{"@type":"SearchAction","target":{"@type":"EntryPoint","urlTemplate":"https:\/\/www.ucogras.be\/fr\/?s={search_term_string}"},"query-input":{"@type":"PropertyValueSpecification","valueRequired":true,"valueName":"search_term_string"}}],"inLanguage":"fr-FR"}]}},"_links":{"self":[{"href":"https:\/\/www.ucogras.be\/fr\/wp-json\/wp\/v2\/pages\/2538","targetHints":{"allow":["GET"]}}],"collection":[{"href":"https:\/\/www.ucogras.be\/fr\/wp-json\/wp\/v2\/pages"}],"about":[{"href":"https:\/\/www.ucogras.be\/fr\/wp-json\/wp\/v2\/types\/page"}],"author":[{"embeddable":true,"href":"https:\/\/www.ucogras.be\/fr\/wp-json\/wp\/v2\/users\/1"}],"replies":[{"embeddable":true,"href":"https:\/\/www.ucogras.be\/fr\/wp-json\/wp\/v2\/comments?post=2538"}],"version-history":[{"count":2,"href":"https:\/\/www.ucogras.be\/fr\/wp-json\/wp\/v2\/pages\/2538\/revisions"}],"predecessor-version":[{"id":2635,"href":"https:\/\/www.ucogras.be\/fr\/wp-json\/wp\/v2\/pages\/2538\/revisions\/2635"}],"up":[{"embeddable":true,"href":"https:\/\/www.ucogras.be\/fr\/wp-json\/wp\/v2\/pages\/2510"}],"wp:attachment":[{"href":"https:\/\/www.ucogras.be\/fr\/wp-json\/wp\/v2\/media?parent=2538"}],"curies":[{"name":"wp","href":"https:\/\/api.w.org\/{rel}","templated":true}]}}