{"id":2532,"date":"2020-04-14T09:10:19","date_gmt":"2020-04-14T08:10:19","guid":{"rendered":"https:\/\/www.ucogras.be\/?page_id=2532"},"modified":"2020-04-14T09:39:41","modified_gmt":"2020-04-14T08:39:41","slug":"makelaars","status":"publish","type":"page","link":"https:\/\/www.ucogras.be\/fr\/sectoren-2\/makelaars\/","title":{"rendered":"COURTIERS"},"content":{"rendered":"\n<p>UCOGRAS constitue une plate-forme id\u00e9ale pour les courtiers afin d\u2019\u00e9tablir des contacts. Un forum de contact comme celui-ci, sp\u00e9cifique du secteur des huiles et graisses animales et v\u00e9g\u00e9tales, est pratique pour commercer, se concerter, \u00e9changer des avis avec des sp\u00e9cialistes \u2013 depuis les producteurs jusqu\u2019aux consommateurs en passant par le n\u00e9goce.<\/p>\n\n\n\n<p>Outre l\u2019aspect purement commercial, il existe encore de nombreuses autres possibilit\u00e9s de contact avec les soci\u00e9t\u00e9s de services. Le courtier a souvent des questions sur le transport, le stockage, les analyses et les laboratoires, et ces secteurs sont \u00e9galement repr\u00e9sent\u00e9s au sein de cette f\u00e9d\u00e9ration professionnelle.<\/p>\n\n\n\n<p>Sur le plan l\u00e9gal et technique (douane) aussi, UCOGRAS peut fournir une assistance aux courtiers sur simple demande d\u2019un membre. Dans la mesure de ses disponibilit\u00e9s, le secr\u00e9tariat fournit des r\u00e9ponses appropri\u00e9es.<\/p>\n\n\n\n<figure class=\"wp-block-image size-large is-resized\"><img loading=\"lazy\" decoding=\"async\" src=\"http:\/\/www.ucogras.be\/wp-content\/uploads\/2020\/03\/adult-blur-boss-business-288477-1024x768.jpg\" alt=\"\" class=\"wp-image-2451\" width=\"768\" height=\"576\" srcset=\"https:\/\/www.ucogras.be\/wp-content\/uploads\/2020\/03\/adult-blur-boss-business-288477-1024x768.jpg 1024w, https:\/\/www.ucogras.be\/wp-content\/uploads\/2020\/03\/adult-blur-boss-business-288477-300x225.jpg 300w, https:\/\/www.ucogras.be\/wp-content\/uploads\/2020\/03\/adult-blur-boss-business-288477-768x576.jpg 768w, https:\/\/www.ucogras.be\/wp-content\/uploads\/2020\/03\/adult-blur-boss-business-288477-1536x1152.jpg 1536w, https:\/\/www.ucogras.be\/wp-content\/uploads\/2020\/03\/adult-blur-boss-business-288477-2048x1536.jpg 2048w\" sizes=\"auto, (max-width: 768px) 100vw, 768px\" \/><\/figure>\n","protected":false},"excerpt":{"rendered":"<p>UCOGRAS constitue une plate-forme id\u00e9ale pour les courtiers afin d\u2019\u00e9tablir des contacts. Un forum de contact comme celui-ci, sp\u00e9cifique du secteur des huiles et graisses animales et v\u00e9g\u00e9tales, est pratique pour commercer, se concerter, \u00e9changer des avis avec des sp\u00e9cialistes \u2013 depuis les producteurs jusqu\u2019aux consommateurs en passant par le n\u00e9goce. Outre l\u2019aspect purement commercial, [&hellip;]<\/p>\n","protected":false},"author":1,"featured_media":0,"parent":2510,"menu_order":0,"comment_status":"closed","ping_status":"closed","template":"","meta":{"footnotes":""},"class_list":["post-2532","page","type-page","status-publish","hentry"],"yoast_head":"<!-- This site is optimized with the Yoast SEO plugin v27.5 - https:\/\/yoast.com\/product\/yoast-seo-wordpress\/ -->\n<title>COURTIERS - Ucogras<\/title>\n<meta name=\"robots\" content=\"index, follow, max-snippet:-1, max-image-preview:large, max-video-preview:-1\" \/>\n<link rel=\"canonical\" href=\"https:\/\/www.ucogras.be\/fr\/sectoren-2\/makelaars\/\" \/>\n<meta property=\"og:locale\" content=\"fr_FR\" \/>\n<meta property=\"og:type\" content=\"article\" \/>\n<meta property=\"og:title\" content=\"COURTIERS - Ucogras\" \/>\n<meta property=\"og:description\" content=\"UCOGRAS constitue une plate-forme id\u00e9ale pour les courtiers afin d\u2019\u00e9tablir des contacts. Un forum de contact comme celui-ci, sp\u00e9cifique du secteur des huiles et graisses animales et v\u00e9g\u00e9tales, est pratique pour commercer, se concerter, \u00e9changer des avis avec des sp\u00e9cialistes \u2013 depuis les producteurs jusqu\u2019aux consommateurs en passant par le n\u00e9goce. Outre l\u2019aspect purement commercial, [&hellip;]\" \/>\n<meta property=\"og:url\" content=\"https:\/\/www.ucogras.be\/fr\/sectoren-2\/makelaars\/\" \/>\n<meta property=\"og:site_name\" content=\"Ucogras\" \/>\n<meta property=\"article:modified_time\" content=\"2020-04-14T08:39:41+00:00\" \/>\n<meta property=\"og:image\" content=\"http:\/\/www.ucogras.be\/wp-content\/uploads\/2020\/03\/adult-blur-boss-business-288477-1024x768.jpg\" \/>\n<meta name=\"twitter:label1\" content=\"Dur\u00e9e de lecture estim\u00e9e\" \/>\n\t<meta name=\"twitter:data1\" content=\"1 minute\" \/>\n<script type=\"application\/ld+json\" class=\"yoast-schema-graph\">{\"@context\":\"https:\\\/\\\/schema.org\",\"@graph\":[{\"@type\":\"WebPage\",\"@id\":\"https:\\\/\\\/www.ucogras.be\\\/fr\\\/sectoren-2\\\/makelaars\\\/\",\"url\":\"https:\\\/\\\/www.ucogras.be\\\/fr\\\/sectoren-2\\\/makelaars\\\/\",\"name\":\"COURTIERS - Ucogras\",\"isPartOf\":{\"@id\":\"https:\\\/\\\/www.ucogras.be\\\/fr\\\/#website\"},\"primaryImageOfPage\":{\"@id\":\"https:\\\/\\\/www.ucogras.be\\\/fr\\\/sectoren-2\\\/makelaars\\\/#primaryimage\"},\"image\":{\"@id\":\"https:\\\/\\\/www.ucogras.be\\\/fr\\\/sectoren-2\\\/makelaars\\\/#primaryimage\"},\"thumbnailUrl\":\"http:\\\/\\\/www.ucogras.be\\\/wp-content\\\/uploads\\\/2020\\\/03\\\/adult-blur-boss-business-288477-1024x768.jpg\",\"datePublished\":\"2020-04-14T08:10:19+00:00\",\"dateModified\":\"2020-04-14T08:39:41+00:00\",\"breadcrumb\":{\"@id\":\"https:\\\/\\\/www.ucogras.be\\\/fr\\\/sectoren-2\\\/makelaars\\\/#breadcrumb\"},\"inLanguage\":\"fr-FR\",\"potentialAction\":[{\"@type\":\"ReadAction\",\"target\":[\"https:\\\/\\\/www.ucogras.be\\\/fr\\\/sectoren-2\\\/makelaars\\\/\"]}]},{\"@type\":\"ImageObject\",\"inLanguage\":\"fr-FR\",\"@id\":\"https:\\\/\\\/www.ucogras.be\\\/fr\\\/sectoren-2\\\/makelaars\\\/#primaryimage\",\"url\":\"http:\\\/\\\/www.ucogras.be\\\/wp-content\\\/uploads\\\/2020\\\/03\\\/adult-blur-boss-business-288477-1024x768.jpg\",\"contentUrl\":\"http:\\\/\\\/www.ucogras.be\\\/wp-content\\\/uploads\\\/2020\\\/03\\\/adult-blur-boss-business-288477-1024x768.jpg\"},{\"@type\":\"BreadcrumbList\",\"@id\":\"https:\\\/\\\/www.ucogras.be\\\/fr\\\/sectoren-2\\\/makelaars\\\/#breadcrumb\",\"itemListElement\":[{\"@type\":\"ListItem\",\"position\":1,\"name\":\"Home\",\"item\":\"https:\\\/\\\/www.ucogras.be\\\/fr\\\/\"},{\"@type\":\"ListItem\",\"position\":2,\"name\":\"Secteurs\",\"item\":\"https:\\\/\\\/www.ucogras.be\\\/fr\\\/sectoren-2\\\/\"},{\"@type\":\"ListItem\",\"position\":3,\"name\":\"COURTIERS\"}]},{\"@type\":\"WebSite\",\"@id\":\"https:\\\/\\\/www.ucogras.be\\\/fr\\\/#website\",\"url\":\"https:\\\/\\\/www.ucogras.be\\\/fr\\\/\",\"name\":\"Ucogras\",\"description\":\"Belgische beroepsvereniging oli\u00ebn en vetten\",\"potentialAction\":[{\"@type\":\"SearchAction\",\"target\":{\"@type\":\"EntryPoint\",\"urlTemplate\":\"https:\\\/\\\/www.ucogras.be\\\/fr\\\/?s={search_term_string}\"},\"query-input\":{\"@type\":\"PropertyValueSpecification\",\"valueRequired\":true,\"valueName\":\"search_term_string\"}}],\"inLanguage\":\"fr-FR\"}]}<\/script>\n<!-- \/ Yoast SEO plugin. -->","yoast_head_json":{"title":"COURTIERS - Ucogras","robots":{"index":"index","follow":"follow","max-snippet":"max-snippet:-1","max-image-preview":"max-image-preview:large","max-video-preview":"max-video-preview:-1"},"canonical":"https:\/\/www.ucogras.be\/fr\/sectoren-2\/makelaars\/","og_locale":"fr_FR","og_type":"article","og_title":"COURTIERS - Ucogras","og_description":"UCOGRAS constitue une plate-forme id\u00e9ale pour les courtiers afin d\u2019\u00e9tablir des contacts. Un forum de contact comme celui-ci, sp\u00e9cifique du secteur des huiles et graisses animales et v\u00e9g\u00e9tales, est pratique pour commercer, se concerter, \u00e9changer des avis avec des sp\u00e9cialistes \u2013 depuis les producteurs jusqu\u2019aux consommateurs en passant par le n\u00e9goce. Outre l\u2019aspect purement commercial, [&hellip;]","og_url":"https:\/\/www.ucogras.be\/fr\/sectoren-2\/makelaars\/","og_site_name":"Ucogras","article_modified_time":"2020-04-14T08:39:41+00:00","og_image":[{"url":"http:\/\/www.ucogras.be\/wp-content\/uploads\/2020\/03\/adult-blur-boss-business-288477-1024x768.jpg","type":"","width":"","height":""}],"twitter_misc":{"Dur\u00e9e de lecture estim\u00e9e":"1 minute"},"schema":{"@context":"https:\/\/schema.org","@graph":[{"@type":"WebPage","@id":"https:\/\/www.ucogras.be\/fr\/sectoren-2\/makelaars\/","url":"https:\/\/www.ucogras.be\/fr\/sectoren-2\/makelaars\/","name":"COURTIERS - Ucogras","isPartOf":{"@id":"https:\/\/www.ucogras.be\/fr\/#website"},"primaryImageOfPage":{"@id":"https:\/\/www.ucogras.be\/fr\/sectoren-2\/makelaars\/#primaryimage"},"image":{"@id":"https:\/\/www.ucogras.be\/fr\/sectoren-2\/makelaars\/#primaryimage"},"thumbnailUrl":"http:\/\/www.ucogras.be\/wp-content\/uploads\/2020\/03\/adult-blur-boss-business-288477-1024x768.jpg","datePublished":"2020-04-14T08:10:19+00:00","dateModified":"2020-04-14T08:39:41+00:00","breadcrumb":{"@id":"https:\/\/www.ucogras.be\/fr\/sectoren-2\/makelaars\/#breadcrumb"},"inLanguage":"fr-FR","potentialAction":[{"@type":"ReadAction","target":["https:\/\/www.ucogras.be\/fr\/sectoren-2\/makelaars\/"]}]},{"@type":"ImageObject","inLanguage":"fr-FR","@id":"https:\/\/www.ucogras.be\/fr\/sectoren-2\/makelaars\/#primaryimage","url":"http:\/\/www.ucogras.be\/wp-content\/uploads\/2020\/03\/adult-blur-boss-business-288477-1024x768.jpg","contentUrl":"http:\/\/www.ucogras.be\/wp-content\/uploads\/2020\/03\/adult-blur-boss-business-288477-1024x768.jpg"},{"@type":"BreadcrumbList","@id":"https:\/\/www.ucogras.be\/fr\/sectoren-2\/makelaars\/#breadcrumb","itemListElement":[{"@type":"ListItem","position":1,"name":"Home","item":"https:\/\/www.ucogras.be\/fr\/"},{"@type":"ListItem","position":2,"name":"Secteurs","item":"https:\/\/www.ucogras.be\/fr\/sectoren-2\/"},{"@type":"ListItem","position":3,"name":"COURTIERS"}]},{"@type":"WebSite","@id":"https:\/\/www.ucogras.be\/fr\/#website","url":"https:\/\/www.ucogras.be\/fr\/","name":"Ucogras","description":"Belgische beroepsvereniging oli\u00ebn en vetten","potentialAction":[{"@type":"SearchAction","target":{"@type":"EntryPoint","urlTemplate":"https:\/\/www.ucogras.be\/fr\/?s={search_term_string}"},"query-input":{"@type":"PropertyValueSpecification","valueRequired":true,"valueName":"search_term_string"}}],"inLanguage":"fr-FR"}]}},"_links":{"self":[{"href":"https:\/\/www.ucogras.be\/fr\/wp-json\/wp\/v2\/pages\/2532","targetHints":{"allow":["GET"]}}],"collection":[{"href":"https:\/\/www.ucogras.be\/fr\/wp-json\/wp\/v2\/pages"}],"about":[{"href":"https:\/\/www.ucogras.be\/fr\/wp-json\/wp\/v2\/types\/page"}],"author":[{"embeddable":true,"href":"https:\/\/www.ucogras.be\/fr\/wp-json\/wp\/v2\/users\/1"}],"replies":[{"embeddable":true,"href":"https:\/\/www.ucogras.be\/fr\/wp-json\/wp\/v2\/comments?post=2532"}],"version-history":[{"count":2,"href":"https:\/\/www.ucogras.be\/fr\/wp-json\/wp\/v2\/pages\/2532\/revisions"}],"predecessor-version":[{"id":2633,"href":"https:\/\/www.ucogras.be\/fr\/wp-json\/wp\/v2\/pages\/2532\/revisions\/2633"}],"up":[{"embeddable":true,"href":"https:\/\/www.ucogras.be\/fr\/wp-json\/wp\/v2\/pages\/2510"}],"wp:attachment":[{"href":"https:\/\/www.ucogras.be\/fr\/wp-json\/wp\/v2\/media?parent=2532"}],"curies":[{"name":"wp","href":"https:\/\/api.w.org\/{rel}","templated":true}]}}