{"id":2530,"date":"2020-04-14T09:10:16","date_gmt":"2020-04-14T08:10:16","guid":{"rendered":"https:\/\/www.ucogras.be\/?page_id=2530"},"modified":"2020-04-14T09:39:14","modified_gmt":"2020-04-14T08:39:14","slug":"laboratoria","status":"publish","type":"page","link":"https:\/\/www.ucogras.be\/fr\/sectoren-2\/laboratoria\/","title":{"rendered":"LABORATOIRES"},"content":{"rendered":"\n<p>Ucogras compte parmi ses membres plusieurs laboratoires sp\u00e9cialis\u00e9s dans l\u2019analyse des huiles, graisses et produits apparent\u00e9s. Il s\u2019agit aussi bien de laboratoires belges que n\u00e9erlandais qui sont tous accr\u00e9dit\u00e9s ISO 17025. En outre, ils disposent des agr\u00e9ations FOSFA et NOFOTA.<\/p>\n\n\n\n<p>Le savoir-faire de haut niveau et la comp\u00e9tence scientifique garantissent des contr\u00f4les de qualit\u00e9 rapides et ind\u00e9pendants.<\/p>\n\n\n\n<figure class=\"wp-block-image size-large is-resized\"><img loading=\"lazy\" decoding=\"async\" src=\"http:\/\/www.ucogras.be\/wp-content\/uploads\/2020\/03\/airport-architecture-building-building-exterior-239919-1024x683.jpg\" alt=\"\" class=\"wp-image-2448\" width=\"768\" height=\"512\" srcset=\"https:\/\/www.ucogras.be\/wp-content\/uploads\/2020\/03\/airport-architecture-building-building-exterior-239919-1024x683.jpg 1024w, https:\/\/www.ucogras.be\/wp-content\/uploads\/2020\/03\/airport-architecture-building-building-exterior-239919-300x200.jpg 300w, https:\/\/www.ucogras.be\/wp-content\/uploads\/2020\/03\/airport-architecture-building-building-exterior-239919-768x512.jpg 768w, https:\/\/www.ucogras.be\/wp-content\/uploads\/2020\/03\/airport-architecture-building-building-exterior-239919-1536x1024.jpg 1536w, https:\/\/www.ucogras.be\/wp-content\/uploads\/2020\/03\/airport-architecture-building-building-exterior-239919-2048x1365.jpg 2048w\" sizes=\"auto, (max-width: 768px) 100vw, 768px\" \/><\/figure>\n","protected":false},"excerpt":{"rendered":"<p>Ucogras compte parmi ses membres plusieurs laboratoires sp\u00e9cialis\u00e9s dans l\u2019analyse des huiles, graisses et produits apparent\u00e9s. Il s\u2019agit aussi bien de laboratoires belges que n\u00e9erlandais qui sont tous accr\u00e9dit\u00e9s ISO 17025. En outre, ils disposent des agr\u00e9ations FOSFA et NOFOTA. Le savoir-faire de haut niveau et la comp\u00e9tence scientifique garantissent des contr\u00f4les de qualit\u00e9 rapides [&hellip;]<\/p>\n","protected":false},"author":1,"featured_media":0,"parent":2510,"menu_order":0,"comment_status":"closed","ping_status":"closed","template":"","meta":{"footnotes":""},"class_list":["post-2530","page","type-page","status-publish","hentry"],"yoast_head":"<!-- This site is optimized with the Yoast SEO plugin v27.4 - https:\/\/yoast.com\/product\/yoast-seo-wordpress\/ -->\n<title>LABORATOIRES - Ucogras<\/title>\n<meta name=\"robots\" content=\"index, follow, max-snippet:-1, max-image-preview:large, max-video-preview:-1\" \/>\n<link rel=\"canonical\" href=\"https:\/\/www.ucogras.be\/fr\/sectoren-2\/laboratoria\/\" \/>\n<meta property=\"og:locale\" content=\"fr_FR\" \/>\n<meta property=\"og:type\" content=\"article\" \/>\n<meta property=\"og:title\" content=\"LABORATOIRES - Ucogras\" \/>\n<meta property=\"og:description\" content=\"Ucogras compte parmi ses membres plusieurs laboratoires sp\u00e9cialis\u00e9s dans l\u2019analyse des huiles, graisses et produits apparent\u00e9s. Il s\u2019agit aussi bien de laboratoires belges que n\u00e9erlandais qui sont tous accr\u00e9dit\u00e9s ISO 17025. En outre, ils disposent des agr\u00e9ations FOSFA et NOFOTA. Le savoir-faire de haut niveau et la comp\u00e9tence scientifique garantissent des contr\u00f4les de qualit\u00e9 rapides [&hellip;]\" \/>\n<meta property=\"og:url\" content=\"https:\/\/www.ucogras.be\/fr\/sectoren-2\/laboratoria\/\" \/>\n<meta property=\"og:site_name\" content=\"Ucogras\" \/>\n<meta property=\"article:modified_time\" content=\"2020-04-14T08:39:14+00:00\" \/>\n<meta property=\"og:image\" content=\"http:\/\/www.ucogras.be\/wp-content\/uploads\/2020\/03\/airport-architecture-building-building-exterior-239919-1024x683.jpg\" \/>\n<script type=\"application\/ld+json\" class=\"yoast-schema-graph\">{\"@context\":\"https:\\\/\\\/schema.org\",\"@graph\":[{\"@type\":\"WebPage\",\"@id\":\"https:\\\/\\\/www.ucogras.be\\\/fr\\\/sectoren-2\\\/laboratoria\\\/\",\"url\":\"https:\\\/\\\/www.ucogras.be\\\/fr\\\/sectoren-2\\\/laboratoria\\\/\",\"name\":\"LABORATOIRES - Ucogras\",\"isPartOf\":{\"@id\":\"https:\\\/\\\/www.ucogras.be\\\/fr\\\/#website\"},\"primaryImageOfPage\":{\"@id\":\"https:\\\/\\\/www.ucogras.be\\\/fr\\\/sectoren-2\\\/laboratoria\\\/#primaryimage\"},\"image\":{\"@id\":\"https:\\\/\\\/www.ucogras.be\\\/fr\\\/sectoren-2\\\/laboratoria\\\/#primaryimage\"},\"thumbnailUrl\":\"http:\\\/\\\/www.ucogras.be\\\/wp-content\\\/uploads\\\/2020\\\/03\\\/airport-architecture-building-building-exterior-239919-1024x683.jpg\",\"datePublished\":\"2020-04-14T08:10:16+00:00\",\"dateModified\":\"2020-04-14T08:39:14+00:00\",\"breadcrumb\":{\"@id\":\"https:\\\/\\\/www.ucogras.be\\\/fr\\\/sectoren-2\\\/laboratoria\\\/#breadcrumb\"},\"inLanguage\":\"fr-FR\",\"potentialAction\":[{\"@type\":\"ReadAction\",\"target\":[\"https:\\\/\\\/www.ucogras.be\\\/fr\\\/sectoren-2\\\/laboratoria\\\/\"]}]},{\"@type\":\"ImageObject\",\"inLanguage\":\"fr-FR\",\"@id\":\"https:\\\/\\\/www.ucogras.be\\\/fr\\\/sectoren-2\\\/laboratoria\\\/#primaryimage\",\"url\":\"http:\\\/\\\/www.ucogras.be\\\/wp-content\\\/uploads\\\/2020\\\/03\\\/airport-architecture-building-building-exterior-239919-1024x683.jpg\",\"contentUrl\":\"http:\\\/\\\/www.ucogras.be\\\/wp-content\\\/uploads\\\/2020\\\/03\\\/airport-architecture-building-building-exterior-239919-1024x683.jpg\"},{\"@type\":\"BreadcrumbList\",\"@id\":\"https:\\\/\\\/www.ucogras.be\\\/fr\\\/sectoren-2\\\/laboratoria\\\/#breadcrumb\",\"itemListElement\":[{\"@type\":\"ListItem\",\"position\":1,\"name\":\"Home\",\"item\":\"https:\\\/\\\/www.ucogras.be\\\/fr\\\/\"},{\"@type\":\"ListItem\",\"position\":2,\"name\":\"Secteurs\",\"item\":\"https:\\\/\\\/www.ucogras.be\\\/fr\\\/sectoren-2\\\/\"},{\"@type\":\"ListItem\",\"position\":3,\"name\":\"LABORATOIRES\"}]},{\"@type\":\"WebSite\",\"@id\":\"https:\\\/\\\/www.ucogras.be\\\/fr\\\/#website\",\"url\":\"https:\\\/\\\/www.ucogras.be\\\/fr\\\/\",\"name\":\"Ucogras\",\"description\":\"Belgische beroepsvereniging oli\u00ebn en vetten\",\"potentialAction\":[{\"@type\":\"SearchAction\",\"target\":{\"@type\":\"EntryPoint\",\"urlTemplate\":\"https:\\\/\\\/www.ucogras.be\\\/fr\\\/?s={search_term_string}\"},\"query-input\":{\"@type\":\"PropertyValueSpecification\",\"valueRequired\":true,\"valueName\":\"search_term_string\"}}],\"inLanguage\":\"fr-FR\"}]}<\/script>\n<!-- \/ Yoast SEO plugin. -->","yoast_head_json":{"title":"LABORATOIRES - Ucogras","robots":{"index":"index","follow":"follow","max-snippet":"max-snippet:-1","max-image-preview":"max-image-preview:large","max-video-preview":"max-video-preview:-1"},"canonical":"https:\/\/www.ucogras.be\/fr\/sectoren-2\/laboratoria\/","og_locale":"fr_FR","og_type":"article","og_title":"LABORATOIRES - Ucogras","og_description":"Ucogras compte parmi ses membres plusieurs laboratoires sp\u00e9cialis\u00e9s dans l\u2019analyse des huiles, graisses et produits apparent\u00e9s. Il s\u2019agit aussi bien de laboratoires belges que n\u00e9erlandais qui sont tous accr\u00e9dit\u00e9s ISO 17025. En outre, ils disposent des agr\u00e9ations FOSFA et NOFOTA. Le savoir-faire de haut niveau et la comp\u00e9tence scientifique garantissent des contr\u00f4les de qualit\u00e9 rapides [&hellip;]","og_url":"https:\/\/www.ucogras.be\/fr\/sectoren-2\/laboratoria\/","og_site_name":"Ucogras","article_modified_time":"2020-04-14T08:39:14+00:00","og_image":[{"url":"http:\/\/www.ucogras.be\/wp-content\/uploads\/2020\/03\/airport-architecture-building-building-exterior-239919-1024x683.jpg","type":"","width":"","height":""}],"schema":{"@context":"https:\/\/schema.org","@graph":[{"@type":"WebPage","@id":"https:\/\/www.ucogras.be\/fr\/sectoren-2\/laboratoria\/","url":"https:\/\/www.ucogras.be\/fr\/sectoren-2\/laboratoria\/","name":"LABORATOIRES - Ucogras","isPartOf":{"@id":"https:\/\/www.ucogras.be\/fr\/#website"},"primaryImageOfPage":{"@id":"https:\/\/www.ucogras.be\/fr\/sectoren-2\/laboratoria\/#primaryimage"},"image":{"@id":"https:\/\/www.ucogras.be\/fr\/sectoren-2\/laboratoria\/#primaryimage"},"thumbnailUrl":"http:\/\/www.ucogras.be\/wp-content\/uploads\/2020\/03\/airport-architecture-building-building-exterior-239919-1024x683.jpg","datePublished":"2020-04-14T08:10:16+00:00","dateModified":"2020-04-14T08:39:14+00:00","breadcrumb":{"@id":"https:\/\/www.ucogras.be\/fr\/sectoren-2\/laboratoria\/#breadcrumb"},"inLanguage":"fr-FR","potentialAction":[{"@type":"ReadAction","target":["https:\/\/www.ucogras.be\/fr\/sectoren-2\/laboratoria\/"]}]},{"@type":"ImageObject","inLanguage":"fr-FR","@id":"https:\/\/www.ucogras.be\/fr\/sectoren-2\/laboratoria\/#primaryimage","url":"http:\/\/www.ucogras.be\/wp-content\/uploads\/2020\/03\/airport-architecture-building-building-exterior-239919-1024x683.jpg","contentUrl":"http:\/\/www.ucogras.be\/wp-content\/uploads\/2020\/03\/airport-architecture-building-building-exterior-239919-1024x683.jpg"},{"@type":"BreadcrumbList","@id":"https:\/\/www.ucogras.be\/fr\/sectoren-2\/laboratoria\/#breadcrumb","itemListElement":[{"@type":"ListItem","position":1,"name":"Home","item":"https:\/\/www.ucogras.be\/fr\/"},{"@type":"ListItem","position":2,"name":"Secteurs","item":"https:\/\/www.ucogras.be\/fr\/sectoren-2\/"},{"@type":"ListItem","position":3,"name":"LABORATOIRES"}]},{"@type":"WebSite","@id":"https:\/\/www.ucogras.be\/fr\/#website","url":"https:\/\/www.ucogras.be\/fr\/","name":"Ucogras","description":"Belgische beroepsvereniging oli\u00ebn en vetten","potentialAction":[{"@type":"SearchAction","target":{"@type":"EntryPoint","urlTemplate":"https:\/\/www.ucogras.be\/fr\/?s={search_term_string}"},"query-input":{"@type":"PropertyValueSpecification","valueRequired":true,"valueName":"search_term_string"}}],"inLanguage":"fr-FR"}]}},"_links":{"self":[{"href":"https:\/\/www.ucogras.be\/fr\/wp-json\/wp\/v2\/pages\/2530","targetHints":{"allow":["GET"]}}],"collection":[{"href":"https:\/\/www.ucogras.be\/fr\/wp-json\/wp\/v2\/pages"}],"about":[{"href":"https:\/\/www.ucogras.be\/fr\/wp-json\/wp\/v2\/types\/page"}],"author":[{"embeddable":true,"href":"https:\/\/www.ucogras.be\/fr\/wp-json\/wp\/v2\/users\/1"}],"replies":[{"embeddable":true,"href":"https:\/\/www.ucogras.be\/fr\/wp-json\/wp\/v2\/comments?post=2530"}],"version-history":[{"count":2,"href":"https:\/\/www.ucogras.be\/fr\/wp-json\/wp\/v2\/pages\/2530\/revisions"}],"predecessor-version":[{"id":2632,"href":"https:\/\/www.ucogras.be\/fr\/wp-json\/wp\/v2\/pages\/2530\/revisions\/2632"}],"up":[{"embeddable":true,"href":"https:\/\/www.ucogras.be\/fr\/wp-json\/wp\/v2\/pages\/2510"}],"wp:attachment":[{"href":"https:\/\/www.ucogras.be\/fr\/wp-json\/wp\/v2\/media?parent=2530"}],"curies":[{"name":"wp","href":"https:\/\/api.w.org\/{rel}","templated":true}]}}