{"id":2495,"date":"2020-04-14T09:07:56","date_gmt":"2020-04-14T08:07:56","guid":{"rendered":"https:\/\/www.ucogras.be\/?page_id=2495"},"modified":"2020-04-14T09:34:15","modified_gmt":"2020-04-14T08:34:15","slug":"historiek","status":"publish","type":"page","link":"https:\/\/www.ucogras.be\/fr\/over-ucogras-2\/historiek\/","title":{"rendered":"Historiek"},"content":{"rendered":"\n<p>Le trait\u00e9 de fondation de la Communaut\u00e9 \u00e9conomique europ\u00e9enne, sign\u00e9 \u00e0 Rome le 25 mars 1957, est entr\u00e9 en vigueur le 1<sup>er<\/sup> janvier 1958. Le commerce et l\u2019industrie des huiles et graisses v\u00e9g\u00e9tales et animales en Belgique \u00e9taient repr\u00e9sent\u00e9s \u00e0 l\u2019\u00e9poque par diff\u00e9rentes associations professionnelles.<\/p>\n\n\n\n<p>\u00c0 Anvers existait la \u00ab\u00a0BEDOVA\u00a0\u00bb (<em>Beroepsvereniging voor de Handel in Plantaardige en Dierlijke Oli\u00ebn en Vetten, hun Derivaten en Oliehoudende Zaden<\/em> \u2013 association professionnelle pour le commerce d\u2019huiles et de graisses v\u00e9g\u00e9tales et animales, leurs d\u00e9riv\u00e9s et de graines ol\u00e9agineuses), reconnue depuis le 24 ao\u00fbt 1940, tandis qu\u2019\u00e0 Bruxelles existaient la \u00ab\u00a0Beroepsvereniging voor Verwerking van en de Groothandel in Dierlijke en Plantaardige Oli\u00ebn en Vetten\u00a0\u00bb, plus connue sous la d\u00e9nomination de : \u00ab\u00a0Beroepsvereniging van Brussel\u00a0\u00bb (association professionnelle de Bruxelles); la \u00ab\u00a0VBO\u00a0\u00bb (<em>Vereniging van Belgische Oliefabrikanten<\/em> \u2013 association des fabricants belges d\u2019huile) et la \u00ab\u00a0BIVA\u00a0\u00bb (<em>Beroepsvereniging van Importeurs, Exporteurs, Agenten en Makelaars van en in Slachtvee, Vlees, bereide Vleessoorten en andere Slachterijproducten<\/em> \u2013 association professionnelle des importateurs, exportateurs, agents et courtiers de b\u00e9tail de boucherie, de viande, de pr\u00e9parations de viande et d\u2019autres produits de boucherie).<\/p>\n\n\n\n<figure class=\"wp-block-image size-large is-resized\"><img loading=\"lazy\" decoding=\"async\" src=\"http:\/\/www.ucogras.be\/wp-content\/uploads\/2020\/03\/architecture-black-and-white-business-construction-237836-1024x768.jpg\" alt=\"\" class=\"wp-image-2427\" width=\"768\" height=\"576\" srcset=\"https:\/\/www.ucogras.be\/wp-content\/uploads\/2020\/03\/architecture-black-and-white-business-construction-237836-1024x768.jpg 1024w, https:\/\/www.ucogras.be\/wp-content\/uploads\/2020\/03\/architecture-black-and-white-business-construction-237836-300x225.jpg 300w, https:\/\/www.ucogras.be\/wp-content\/uploads\/2020\/03\/architecture-black-and-white-business-construction-237836-768x576.jpg 768w, https:\/\/www.ucogras.be\/wp-content\/uploads\/2020\/03\/architecture-black-and-white-business-construction-237836-1536x1152.jpg 1536w, https:\/\/www.ucogras.be\/wp-content\/uploads\/2020\/03\/architecture-black-and-white-business-construction-237836-2048x1536.jpg 2048w\" sizes=\"auto, (max-width: 768px) 100vw, 768px\" \/><\/figure>\n\n\n\n<p>Un groupe de firmes anversoises sp\u00e9cialis\u00e9es dans l\u2019importation, le commerce de gros et le courtage de mati\u00e8res grasses et de graines ol\u00e9agineuses \u00e9tait affili\u00e9 \u00e0 BEDOVA, dont les objectifs \u00e9taient :<\/p>\n\n\n\n<p>1. la r\u00e9glementation du commerce des huiles et graisses animales et v\u00e9g\u00e9tales, de leurs d\u00e9riv\u00e9s et des graines ol\u00e9agineuses.<\/p>\n\n\n\n<p>2. la d\u00e9fense des int\u00e9r\u00eats professionnels de ses membres par le d\u00e9veloppement et le maintien de r\u00e8glement et proc\u00e9dures \u00e9tablies, ainsi que la lutte contre les abus.<\/p>\n\n\n\n<p>Apr\u00e8s la Seconde Guerre Mondiale, les activit\u00e9s de BEDOVA rest\u00e8rent limit\u00e9es jusqu\u2019en 1954. Lorsqu\u2019elle ne compta plus qu\u2019une trentaine de membres, on d\u00e9cida de reprendre les activit\u00e9s, ce qui \u00e9tait consid\u00e9r\u00e9 indispensable pour d\u00e9fendre les int\u00e9r\u00eats professionnels des membres de BEDOVA. En collaboration avec la VBO, la BIVA et l\u2019Association Professionnelle de Bruxelles, elle prit des contacts avec le Minist\u00e8re des Affaires \u00e9conomiques et le Minist\u00e8re du Commerce ext\u00e9rieur, en vue d\u2019\u00eatre mieux inform\u00e9 et consult\u00e9 \u00e0 propos de chaque projet de loi portant sur la r\u00e9glementation des huiles et graisses.<\/p>\n\n\n\n<figure class=\"wp-block-image size-large is-resized\"><img loading=\"lazy\" decoding=\"async\" src=\"http:\/\/www.ucogras.be\/wp-content\/uploads\/2020\/03\/business-cargo-cargo-container-city-262353-1024x683.jpg\" alt=\"\" class=\"wp-image-2429\" width=\"768\" height=\"512\" srcset=\"https:\/\/www.ucogras.be\/wp-content\/uploads\/2020\/03\/business-cargo-cargo-container-city-262353-1024x683.jpg 1024w, https:\/\/www.ucogras.be\/wp-content\/uploads\/2020\/03\/business-cargo-cargo-container-city-262353-300x200.jpg 300w, https:\/\/www.ucogras.be\/wp-content\/uploads\/2020\/03\/business-cargo-cargo-container-city-262353-768x512.jpg 768w, https:\/\/www.ucogras.be\/wp-content\/uploads\/2020\/03\/business-cargo-cargo-container-city-262353-1536x1024.jpg 1536w, https:\/\/www.ucogras.be\/wp-content\/uploads\/2020\/03\/business-cargo-cargo-container-city-262353-2048x1365.jpg 2048w\" sizes=\"auto, (max-width: 768px) 100vw, 768px\" \/><\/figure>\n\n\n\n<p>Lors de l\u2019Assembl\u00e9e g\u00e9n\u00e9rale de f\u00e9vrier 1955 fut pr\u00e9sent\u00e9e une \u00e9tude pour constituer un groupement national, qui devait grouper BEDOVA et les autres associations professionnelles. Cette proposition fut accept\u00e9e, et c\u2019est ainsi qu\u2019Ucogras vit le jour en 1959. &nbsp;Ses objectifs comprenaient l\u2019\u00e9tude, la r\u00e9glementation, la protection et le d\u00e9veloppement des activit\u00e9s commerciales et industrielles dans les huiles et graisses animales et v\u00e9g\u00e9tales et leurs sous-produits, ainsi que la protection des int\u00e9r\u00eats professionnels de leurs membres.<\/p>\n\n\n\n<p>Peu de temps apr\u00e8s, des d\u00e9saccords se firent jour entre les membres, et en 1960, les fondeurs de graisse d\u00e9cid\u00e8rent de constituer leur propre association professionnelle. En 1963, la plupart d\u2019entre eux avaient d\u00e9j\u00e0 quitt\u00e9 UCOGRAS, de sorte que le nombre des membres fut presque r\u00e9duit de moiti\u00e9.<\/p>\n\n\n\n<figure class=\"wp-block-image size-large is-resized\"><img loading=\"lazy\" decoding=\"async\" src=\"http:\/\/www.ucogras.be\/wp-content\/uploads\/2020\/03\/business-energy-factory-industrial-208661-1024x683.jpg\" alt=\"\" class=\"wp-image-2431\" width=\"768\" height=\"512\" srcset=\"https:\/\/www.ucogras.be\/wp-content\/uploads\/2020\/03\/business-energy-factory-industrial-208661-1024x683.jpg 1024w, https:\/\/www.ucogras.be\/wp-content\/uploads\/2020\/03\/business-energy-factory-industrial-208661-300x200.jpg 300w, https:\/\/www.ucogras.be\/wp-content\/uploads\/2020\/03\/business-energy-factory-industrial-208661-768x512.jpg 768w, https:\/\/www.ucogras.be\/wp-content\/uploads\/2020\/03\/business-energy-factory-industrial-208661-1536x1024.jpg 1536w, https:\/\/www.ucogras.be\/wp-content\/uploads\/2020\/03\/business-energy-factory-industrial-208661-2048x1365.jpg 2048w\" sizes=\"auto, (max-width: 768px) 100vw, 768px\" \/><\/figure>\n\n\n\n<p>La Communaut\u00e9 Europ\u00e9enne se d\u00e9veloppa et le commerce subit des bouleversements profonds. UCOGRAS entretenait des rapports \u00e9troits avec les associations professionnelles des autres \u00e9tats de la Communaut\u00e9 et devint membre de l\u2019ANGO (Association du N\u00e9goce des Graines Ol\u00e9agineuses, Huiles et Graisses Animales et V\u00e9g\u00e9tales et leurs D\u00e9riv\u00e9s dans la CEE), qui fut fond\u00e9e en 1960. Cette association, qui regroupait les associations professionnelles des 6 \u00e9tats membres, \u00e9tait le seul interlocuteur reconnu par la CEE.<\/p>\n\n\n\n<p>Malgr\u00e9 cela, les activit\u00e9s d\u2019UCOGRAS rest\u00e8rent limit\u00e9es dans les ann\u00e9es 1960, et lors de l\u2019Assembl\u00e9e G\u00e9n\u00e9rale de 1972, on envisagea m\u00eame sa dissolution. Mais Ucogras se vit insuffler une nouvelle vie, et les 17 membres qui subsistaient en 1972, virent leur nombre accro\u00eetre jusqu\u2019\u00e0 65 en 1981.<\/p>\n\n\n\n<p>UCOGRAS a rejoint, avec affiliation r\u00e9ciproque, d\u2019autres associations professionnelles europ\u00e9ennes telles que FOSFA International, NOFOTA en GROFOR. Cela permet d\u2019\u00e9changer des informations et d\u2019\u00e9laborer des solutions \u00e0 des probl\u00e8mes communs.<\/p>\n\n\n\n<p>Au cours des ans, le nombre d\u2019entreprises du secteur a diminu\u00e9, tant en Belgique qu\u2019\u00e0 l\u2019\u00e9tranger, et UCOGRAS a fait appel \u00e0 IMEXGRA pour collaborer et assurer le travail de secr\u00e9tariat. Depuis sa fondation, UCOGRAS a toujours eu l\u2019ambition de rassembler les gens.<\/p>\n","protected":false},"excerpt":{"rendered":"<p>Le trait\u00e9 de fondation de la Communaut\u00e9 \u00e9conomique europ\u00e9enne, sign\u00e9 \u00e0 Rome le 25 mars 1957, est entr\u00e9 en vigueur le 1er janvier 1958. Le commerce et l\u2019industrie des huiles et graisses v\u00e9g\u00e9tales et animales en Belgique \u00e9taient repr\u00e9sent\u00e9s \u00e0 l\u2019\u00e9poque par diff\u00e9rentes associations professionnelles. \u00c0 Anvers existait la \u00ab\u00a0BEDOVA\u00a0\u00bb (Beroepsvereniging voor de Handel in [&hellip;]<\/p>\n","protected":false},"author":1,"featured_media":0,"parent":2484,"menu_order":0,"comment_status":"closed","ping_status":"closed","template":"","meta":{"footnotes":""},"class_list":["post-2495","page","type-page","status-publish","hentry"],"yoast_head":"<!-- This site is optimized with the Yoast SEO plugin v27.4 - https:\/\/yoast.com\/product\/yoast-seo-wordpress\/ -->\n<title>Historiek - Ucogras<\/title>\n<meta name=\"robots\" content=\"index, follow, max-snippet:-1, max-image-preview:large, max-video-preview:-1\" \/>\n<link rel=\"canonical\" href=\"https:\/\/www.ucogras.be\/fr\/over-ucogras-2\/historiek\/\" \/>\n<meta property=\"og:locale\" content=\"fr_FR\" \/>\n<meta property=\"og:type\" content=\"article\" \/>\n<meta property=\"og:title\" content=\"Historiek - Ucogras\" \/>\n<meta property=\"og:description\" content=\"Le trait\u00e9 de fondation de la Communaut\u00e9 \u00e9conomique europ\u00e9enne, sign\u00e9 \u00e0 Rome le 25 mars 1957, est entr\u00e9 en vigueur le 1er janvier 1958. Le commerce et l\u2019industrie des huiles et graisses v\u00e9g\u00e9tales et animales en Belgique \u00e9taient repr\u00e9sent\u00e9s \u00e0 l\u2019\u00e9poque par diff\u00e9rentes associations professionnelles. \u00c0 Anvers existait la \u00ab\u00a0BEDOVA\u00a0\u00bb (Beroepsvereniging voor de Handel in [&hellip;]\" \/>\n<meta property=\"og:url\" content=\"https:\/\/www.ucogras.be\/fr\/over-ucogras-2\/historiek\/\" \/>\n<meta property=\"og:site_name\" content=\"Ucogras\" \/>\n<meta property=\"article:modified_time\" content=\"2020-04-14T08:34:15+00:00\" \/>\n<meta property=\"og:image\" content=\"http:\/\/www.ucogras.be\/wp-content\/uploads\/2020\/03\/architecture-black-and-white-business-construction-237836-1024x768.jpg\" \/>\n<meta name=\"twitter:label1\" content=\"Dur\u00e9e de lecture estim\u00e9e\" \/>\n\t<meta name=\"twitter:data1\" content=\"4 minutes\" \/>\n<script type=\"application\/ld+json\" class=\"yoast-schema-graph\">{\"@context\":\"https:\\\/\\\/schema.org\",\"@graph\":[{\"@type\":\"WebPage\",\"@id\":\"https:\\\/\\\/www.ucogras.be\\\/fr\\\/over-ucogras-2\\\/historiek\\\/\",\"url\":\"https:\\\/\\\/www.ucogras.be\\\/fr\\\/over-ucogras-2\\\/historiek\\\/\",\"name\":\"Historiek - Ucogras\",\"isPartOf\":{\"@id\":\"https:\\\/\\\/www.ucogras.be\\\/fr\\\/#website\"},\"primaryImageOfPage\":{\"@id\":\"https:\\\/\\\/www.ucogras.be\\\/fr\\\/over-ucogras-2\\\/historiek\\\/#primaryimage\"},\"image\":{\"@id\":\"https:\\\/\\\/www.ucogras.be\\\/fr\\\/over-ucogras-2\\\/historiek\\\/#primaryimage\"},\"thumbnailUrl\":\"http:\\\/\\\/www.ucogras.be\\\/wp-content\\\/uploads\\\/2020\\\/03\\\/architecture-black-and-white-business-construction-237836-1024x768.jpg\",\"datePublished\":\"2020-04-14T08:07:56+00:00\",\"dateModified\":\"2020-04-14T08:34:15+00:00\",\"breadcrumb\":{\"@id\":\"https:\\\/\\\/www.ucogras.be\\\/fr\\\/over-ucogras-2\\\/historiek\\\/#breadcrumb\"},\"inLanguage\":\"fr-FR\",\"potentialAction\":[{\"@type\":\"ReadAction\",\"target\":[\"https:\\\/\\\/www.ucogras.be\\\/fr\\\/over-ucogras-2\\\/historiek\\\/\"]}]},{\"@type\":\"ImageObject\",\"inLanguage\":\"fr-FR\",\"@id\":\"https:\\\/\\\/www.ucogras.be\\\/fr\\\/over-ucogras-2\\\/historiek\\\/#primaryimage\",\"url\":\"http:\\\/\\\/www.ucogras.be\\\/wp-content\\\/uploads\\\/2020\\\/03\\\/architecture-black-and-white-business-construction-237836-1024x768.jpg\",\"contentUrl\":\"http:\\\/\\\/www.ucogras.be\\\/wp-content\\\/uploads\\\/2020\\\/03\\\/architecture-black-and-white-business-construction-237836-1024x768.jpg\"},{\"@type\":\"BreadcrumbList\",\"@id\":\"https:\\\/\\\/www.ucogras.be\\\/fr\\\/over-ucogras-2\\\/historiek\\\/#breadcrumb\",\"itemListElement\":[{\"@type\":\"ListItem\",\"position\":1,\"name\":\"Home\",\"item\":\"https:\\\/\\\/www.ucogras.be\\\/fr\\\/\"},{\"@type\":\"ListItem\",\"position\":2,\"name\":\"Qui sommes-nous\",\"item\":\"https:\\\/\\\/www.ucogras.be\\\/fr\\\/over-ucogras-2\\\/\"},{\"@type\":\"ListItem\",\"position\":3,\"name\":\"Historiek\"}]},{\"@type\":\"WebSite\",\"@id\":\"https:\\\/\\\/www.ucogras.be\\\/fr\\\/#website\",\"url\":\"https:\\\/\\\/www.ucogras.be\\\/fr\\\/\",\"name\":\"Ucogras\",\"description\":\"Belgische beroepsvereniging oli\u00ebn en vetten\",\"potentialAction\":[{\"@type\":\"SearchAction\",\"target\":{\"@type\":\"EntryPoint\",\"urlTemplate\":\"https:\\\/\\\/www.ucogras.be\\\/fr\\\/?s={search_term_string}\"},\"query-input\":{\"@type\":\"PropertyValueSpecification\",\"valueRequired\":true,\"valueName\":\"search_term_string\"}}],\"inLanguage\":\"fr-FR\"}]}<\/script>\n<!-- \/ Yoast SEO plugin. -->","yoast_head_json":{"title":"Historiek - Ucogras","robots":{"index":"index","follow":"follow","max-snippet":"max-snippet:-1","max-image-preview":"max-image-preview:large","max-video-preview":"max-video-preview:-1"},"canonical":"https:\/\/www.ucogras.be\/fr\/over-ucogras-2\/historiek\/","og_locale":"fr_FR","og_type":"article","og_title":"Historiek - Ucogras","og_description":"Le trait\u00e9 de fondation de la Communaut\u00e9 \u00e9conomique europ\u00e9enne, sign\u00e9 \u00e0 Rome le 25 mars 1957, est entr\u00e9 en vigueur le 1er janvier 1958. Le commerce et l\u2019industrie des huiles et graisses v\u00e9g\u00e9tales et animales en Belgique \u00e9taient repr\u00e9sent\u00e9s \u00e0 l\u2019\u00e9poque par diff\u00e9rentes associations professionnelles. \u00c0 Anvers existait la \u00ab\u00a0BEDOVA\u00a0\u00bb (Beroepsvereniging voor de Handel in [&hellip;]","og_url":"https:\/\/www.ucogras.be\/fr\/over-ucogras-2\/historiek\/","og_site_name":"Ucogras","article_modified_time":"2020-04-14T08:34:15+00:00","og_image":[{"url":"http:\/\/www.ucogras.be\/wp-content\/uploads\/2020\/03\/architecture-black-and-white-business-construction-237836-1024x768.jpg","type":"","width":"","height":""}],"twitter_misc":{"Dur\u00e9e de lecture estim\u00e9e":"4 minutes"},"schema":{"@context":"https:\/\/schema.org","@graph":[{"@type":"WebPage","@id":"https:\/\/www.ucogras.be\/fr\/over-ucogras-2\/historiek\/","url":"https:\/\/www.ucogras.be\/fr\/over-ucogras-2\/historiek\/","name":"Historiek - Ucogras","isPartOf":{"@id":"https:\/\/www.ucogras.be\/fr\/#website"},"primaryImageOfPage":{"@id":"https:\/\/www.ucogras.be\/fr\/over-ucogras-2\/historiek\/#primaryimage"},"image":{"@id":"https:\/\/www.ucogras.be\/fr\/over-ucogras-2\/historiek\/#primaryimage"},"thumbnailUrl":"http:\/\/www.ucogras.be\/wp-content\/uploads\/2020\/03\/architecture-black-and-white-business-construction-237836-1024x768.jpg","datePublished":"2020-04-14T08:07:56+00:00","dateModified":"2020-04-14T08:34:15+00:00","breadcrumb":{"@id":"https:\/\/www.ucogras.be\/fr\/over-ucogras-2\/historiek\/#breadcrumb"},"inLanguage":"fr-FR","potentialAction":[{"@type":"ReadAction","target":["https:\/\/www.ucogras.be\/fr\/over-ucogras-2\/historiek\/"]}]},{"@type":"ImageObject","inLanguage":"fr-FR","@id":"https:\/\/www.ucogras.be\/fr\/over-ucogras-2\/historiek\/#primaryimage","url":"http:\/\/www.ucogras.be\/wp-content\/uploads\/2020\/03\/architecture-black-and-white-business-construction-237836-1024x768.jpg","contentUrl":"http:\/\/www.ucogras.be\/wp-content\/uploads\/2020\/03\/architecture-black-and-white-business-construction-237836-1024x768.jpg"},{"@type":"BreadcrumbList","@id":"https:\/\/www.ucogras.be\/fr\/over-ucogras-2\/historiek\/#breadcrumb","itemListElement":[{"@type":"ListItem","position":1,"name":"Home","item":"https:\/\/www.ucogras.be\/fr\/"},{"@type":"ListItem","position":2,"name":"Qui sommes-nous","item":"https:\/\/www.ucogras.be\/fr\/over-ucogras-2\/"},{"@type":"ListItem","position":3,"name":"Historiek"}]},{"@type":"WebSite","@id":"https:\/\/www.ucogras.be\/fr\/#website","url":"https:\/\/www.ucogras.be\/fr\/","name":"Ucogras","description":"Belgische beroepsvereniging oli\u00ebn en vetten","potentialAction":[{"@type":"SearchAction","target":{"@type":"EntryPoint","urlTemplate":"https:\/\/www.ucogras.be\/fr\/?s={search_term_string}"},"query-input":{"@type":"PropertyValueSpecification","valueRequired":true,"valueName":"search_term_string"}}],"inLanguage":"fr-FR"}]}},"_links":{"self":[{"href":"https:\/\/www.ucogras.be\/fr\/wp-json\/wp\/v2\/pages\/2495","targetHints":{"allow":["GET"]}}],"collection":[{"href":"https:\/\/www.ucogras.be\/fr\/wp-json\/wp\/v2\/pages"}],"about":[{"href":"https:\/\/www.ucogras.be\/fr\/wp-json\/wp\/v2\/types\/page"}],"author":[{"embeddable":true,"href":"https:\/\/www.ucogras.be\/fr\/wp-json\/wp\/v2\/users\/1"}],"replies":[{"embeddable":true,"href":"https:\/\/www.ucogras.be\/fr\/wp-json\/wp\/v2\/comments?post=2495"}],"version-history":[{"count":2,"href":"https:\/\/www.ucogras.be\/fr\/wp-json\/wp\/v2\/pages\/2495\/revisions"}],"predecessor-version":[{"id":2627,"href":"https:\/\/www.ucogras.be\/fr\/wp-json\/wp\/v2\/pages\/2495\/revisions\/2627"}],"up":[{"embeddable":true,"href":"https:\/\/www.ucogras.be\/fr\/wp-json\/wp\/v2\/pages\/2484"}],"wp:attachment":[{"href":"https:\/\/www.ucogras.be\/fr\/wp-json\/wp\/v2\/media?parent=2495"}],"curies":[{"name":"wp","href":"https:\/\/api.w.org\/{rel}","templated":true}]}}