{"id":2493,"date":"2020-04-14T09:07:52","date_gmt":"2020-04-14T08:07:52","guid":{"rendered":"https:\/\/www.ucogras.be\/?page_id=2493"},"modified":"2020-04-14T09:35:39","modified_gmt":"2020-04-14T08:35:39","slug":"doelstelling","status":"publish","type":"page","link":"https:\/\/www.ucogras.be\/fr\/over-ucogras-2\/doelstelling\/","title":{"rendered":"Doelstelling"},"content":{"rendered":"\n<p>L\u2019objectif de l\u2019association consiste \u00e0 d\u00e9fendre les int\u00e9r\u00eats du secteur belge des huiles et graisses v\u00e9g\u00e9tales et animales.\u00a0Depuis sa fondation, UCOGRAS s\u2019est engag\u00e9e surtout \u00e0 stimuler les contacts entre les entreprises et les organisations du secteur.<\/p>\n\n\n\n<p>C\u2019est pourquoi UCOGRAS accueille volontiers tous les types d\u2019entreprises : nationales et internationales, grandes, moyennes et petites, de tous les secteurs apparent\u00e9s : transport, courtage, commerce, affr\u00e8tement, contr\u00f4le, analyse, fonderies de graisse, production de margarine, entreposage et manutention, extraction et raffinage, recyclage et depuis peu \u00e9galement les \u00e9nergies renouvelables.<\/p>\n\n\n\n<p>L\u2019association est un m\u00e9diateur en Belgique et \u00e0 l\u2019\u00e9tranger, et entretient des contacts \u00e9troits avec diverses autres f\u00e9d\u00e9rations professionnelles europ\u00e9ennes telles que Fosfa International, Nofota, Grofor, etc.<\/p>\n\n\n\n<figure class=\"wp-block-image size-large is-resized\"><img loading=\"lazy\" decoding=\"async\" src=\"http:\/\/www.ucogras.be\/wp-content\/uploads\/2020\/03\/grayscale-photo-of-building-1472237-1024x683.jpg\" alt=\"\" class=\"wp-image-2424\" width=\"768\" height=\"512\" srcset=\"https:\/\/www.ucogras.be\/wp-content\/uploads\/2020\/03\/grayscale-photo-of-building-1472237-1024x683.jpg 1024w, https:\/\/www.ucogras.be\/wp-content\/uploads\/2020\/03\/grayscale-photo-of-building-1472237-300x200.jpg 300w, https:\/\/www.ucogras.be\/wp-content\/uploads\/2020\/03\/grayscale-photo-of-building-1472237-768x512.jpg 768w, https:\/\/www.ucogras.be\/wp-content\/uploads\/2020\/03\/grayscale-photo-of-building-1472237-1536x1024.jpg 1536w, https:\/\/www.ucogras.be\/wp-content\/uploads\/2020\/03\/grayscale-photo-of-building-1472237-2048x1365.jpg 2048w\" sizes=\"auto, (max-width: 768px) 100vw, 768px\" \/><\/figure>\n","protected":false},"excerpt":{"rendered":"<p>L\u2019objectif de l\u2019association consiste \u00e0 d\u00e9fendre les int\u00e9r\u00eats du secteur belge des huiles et graisses v\u00e9g\u00e9tales et animales.\u00a0Depuis sa fondation, UCOGRAS s\u2019est engag\u00e9e surtout \u00e0 stimuler les contacts entre les entreprises et les organisations du secteur. C\u2019est pourquoi UCOGRAS accueille volontiers tous les types d\u2019entreprises : nationales et internationales, grandes, moyennes et petites, de tous [&hellip;]<\/p>\n","protected":false},"author":1,"featured_media":0,"parent":2484,"menu_order":0,"comment_status":"closed","ping_status":"closed","template":"","meta":{"footnotes":""},"class_list":["post-2493","page","type-page","status-publish","hentry"],"yoast_head":"<!-- This site is optimized with the Yoast SEO plugin v27.4 - https:\/\/yoast.com\/product\/yoast-seo-wordpress\/ -->\n<title>Doelstelling - Ucogras<\/title>\n<meta name=\"robots\" content=\"index, follow, max-snippet:-1, max-image-preview:large, max-video-preview:-1\" \/>\n<link rel=\"canonical\" href=\"https:\/\/www.ucogras.be\/fr\/over-ucogras-2\/doelstelling\/\" \/>\n<meta property=\"og:locale\" content=\"fr_FR\" \/>\n<meta property=\"og:type\" content=\"article\" \/>\n<meta property=\"og:title\" content=\"Doelstelling - Ucogras\" \/>\n<meta property=\"og:description\" content=\"L\u2019objectif de l\u2019association consiste \u00e0 d\u00e9fendre les int\u00e9r\u00eats du secteur belge des huiles et graisses v\u00e9g\u00e9tales et animales.\u00a0Depuis sa fondation, UCOGRAS s\u2019est engag\u00e9e surtout \u00e0 stimuler les contacts entre les entreprises et les organisations du secteur. C\u2019est pourquoi UCOGRAS accueille volontiers tous les types d\u2019entreprises : nationales et internationales, grandes, moyennes et petites, de tous [&hellip;]\" \/>\n<meta property=\"og:url\" content=\"https:\/\/www.ucogras.be\/fr\/over-ucogras-2\/doelstelling\/\" \/>\n<meta property=\"og:site_name\" content=\"Ucogras\" \/>\n<meta property=\"article:modified_time\" content=\"2020-04-14T08:35:39+00:00\" \/>\n<meta property=\"og:image\" content=\"http:\/\/www.ucogras.be\/wp-content\/uploads\/2020\/03\/grayscale-photo-of-building-1472237-1024x683.jpg\" \/>\n<meta name=\"twitter:label1\" content=\"Dur\u00e9e de lecture estim\u00e9e\" \/>\n\t<meta name=\"twitter:data1\" content=\"1 minute\" \/>\n<script type=\"application\/ld+json\" class=\"yoast-schema-graph\">{\"@context\":\"https:\\\/\\\/schema.org\",\"@graph\":[{\"@type\":\"WebPage\",\"@id\":\"https:\\\/\\\/www.ucogras.be\\\/fr\\\/over-ucogras-2\\\/doelstelling\\\/\",\"url\":\"https:\\\/\\\/www.ucogras.be\\\/fr\\\/over-ucogras-2\\\/doelstelling\\\/\",\"name\":\"Doelstelling - Ucogras\",\"isPartOf\":{\"@id\":\"https:\\\/\\\/www.ucogras.be\\\/fr\\\/#website\"},\"primaryImageOfPage\":{\"@id\":\"https:\\\/\\\/www.ucogras.be\\\/fr\\\/over-ucogras-2\\\/doelstelling\\\/#primaryimage\"},\"image\":{\"@id\":\"https:\\\/\\\/www.ucogras.be\\\/fr\\\/over-ucogras-2\\\/doelstelling\\\/#primaryimage\"},\"thumbnailUrl\":\"http:\\\/\\\/www.ucogras.be\\\/wp-content\\\/uploads\\\/2020\\\/03\\\/grayscale-photo-of-building-1472237-1024x683.jpg\",\"datePublished\":\"2020-04-14T08:07:52+00:00\",\"dateModified\":\"2020-04-14T08:35:39+00:00\",\"breadcrumb\":{\"@id\":\"https:\\\/\\\/www.ucogras.be\\\/fr\\\/over-ucogras-2\\\/doelstelling\\\/#breadcrumb\"},\"inLanguage\":\"fr-FR\",\"potentialAction\":[{\"@type\":\"ReadAction\",\"target\":[\"https:\\\/\\\/www.ucogras.be\\\/fr\\\/over-ucogras-2\\\/doelstelling\\\/\"]}]},{\"@type\":\"ImageObject\",\"inLanguage\":\"fr-FR\",\"@id\":\"https:\\\/\\\/www.ucogras.be\\\/fr\\\/over-ucogras-2\\\/doelstelling\\\/#primaryimage\",\"url\":\"http:\\\/\\\/www.ucogras.be\\\/wp-content\\\/uploads\\\/2020\\\/03\\\/grayscale-photo-of-building-1472237-1024x683.jpg\",\"contentUrl\":\"http:\\\/\\\/www.ucogras.be\\\/wp-content\\\/uploads\\\/2020\\\/03\\\/grayscale-photo-of-building-1472237-1024x683.jpg\"},{\"@type\":\"BreadcrumbList\",\"@id\":\"https:\\\/\\\/www.ucogras.be\\\/fr\\\/over-ucogras-2\\\/doelstelling\\\/#breadcrumb\",\"itemListElement\":[{\"@type\":\"ListItem\",\"position\":1,\"name\":\"Home\",\"item\":\"https:\\\/\\\/www.ucogras.be\\\/fr\\\/\"},{\"@type\":\"ListItem\",\"position\":2,\"name\":\"Qui sommes-nous\",\"item\":\"https:\\\/\\\/www.ucogras.be\\\/fr\\\/over-ucogras-2\\\/\"},{\"@type\":\"ListItem\",\"position\":3,\"name\":\"Doelstelling\"}]},{\"@type\":\"WebSite\",\"@id\":\"https:\\\/\\\/www.ucogras.be\\\/fr\\\/#website\",\"url\":\"https:\\\/\\\/www.ucogras.be\\\/fr\\\/\",\"name\":\"Ucogras\",\"description\":\"Belgische beroepsvereniging oli\u00ebn en vetten\",\"potentialAction\":[{\"@type\":\"SearchAction\",\"target\":{\"@type\":\"EntryPoint\",\"urlTemplate\":\"https:\\\/\\\/www.ucogras.be\\\/fr\\\/?s={search_term_string}\"},\"query-input\":{\"@type\":\"PropertyValueSpecification\",\"valueRequired\":true,\"valueName\":\"search_term_string\"}}],\"inLanguage\":\"fr-FR\"}]}<\/script>\n<!-- \/ Yoast SEO plugin. -->","yoast_head_json":{"title":"Doelstelling - Ucogras","robots":{"index":"index","follow":"follow","max-snippet":"max-snippet:-1","max-image-preview":"max-image-preview:large","max-video-preview":"max-video-preview:-1"},"canonical":"https:\/\/www.ucogras.be\/fr\/over-ucogras-2\/doelstelling\/","og_locale":"fr_FR","og_type":"article","og_title":"Doelstelling - Ucogras","og_description":"L\u2019objectif de l\u2019association consiste \u00e0 d\u00e9fendre les int\u00e9r\u00eats du secteur belge des huiles et graisses v\u00e9g\u00e9tales et animales.\u00a0Depuis sa fondation, UCOGRAS s\u2019est engag\u00e9e surtout \u00e0 stimuler les contacts entre les entreprises et les organisations du secteur. C\u2019est pourquoi UCOGRAS accueille volontiers tous les types d\u2019entreprises : nationales et internationales, grandes, moyennes et petites, de tous [&hellip;]","og_url":"https:\/\/www.ucogras.be\/fr\/over-ucogras-2\/doelstelling\/","og_site_name":"Ucogras","article_modified_time":"2020-04-14T08:35:39+00:00","og_image":[{"url":"http:\/\/www.ucogras.be\/wp-content\/uploads\/2020\/03\/grayscale-photo-of-building-1472237-1024x683.jpg","type":"","width":"","height":""}],"twitter_misc":{"Dur\u00e9e de lecture estim\u00e9e":"1 minute"},"schema":{"@context":"https:\/\/schema.org","@graph":[{"@type":"WebPage","@id":"https:\/\/www.ucogras.be\/fr\/over-ucogras-2\/doelstelling\/","url":"https:\/\/www.ucogras.be\/fr\/over-ucogras-2\/doelstelling\/","name":"Doelstelling - Ucogras","isPartOf":{"@id":"https:\/\/www.ucogras.be\/fr\/#website"},"primaryImageOfPage":{"@id":"https:\/\/www.ucogras.be\/fr\/over-ucogras-2\/doelstelling\/#primaryimage"},"image":{"@id":"https:\/\/www.ucogras.be\/fr\/over-ucogras-2\/doelstelling\/#primaryimage"},"thumbnailUrl":"http:\/\/www.ucogras.be\/wp-content\/uploads\/2020\/03\/grayscale-photo-of-building-1472237-1024x683.jpg","datePublished":"2020-04-14T08:07:52+00:00","dateModified":"2020-04-14T08:35:39+00:00","breadcrumb":{"@id":"https:\/\/www.ucogras.be\/fr\/over-ucogras-2\/doelstelling\/#breadcrumb"},"inLanguage":"fr-FR","potentialAction":[{"@type":"ReadAction","target":["https:\/\/www.ucogras.be\/fr\/over-ucogras-2\/doelstelling\/"]}]},{"@type":"ImageObject","inLanguage":"fr-FR","@id":"https:\/\/www.ucogras.be\/fr\/over-ucogras-2\/doelstelling\/#primaryimage","url":"http:\/\/www.ucogras.be\/wp-content\/uploads\/2020\/03\/grayscale-photo-of-building-1472237-1024x683.jpg","contentUrl":"http:\/\/www.ucogras.be\/wp-content\/uploads\/2020\/03\/grayscale-photo-of-building-1472237-1024x683.jpg"},{"@type":"BreadcrumbList","@id":"https:\/\/www.ucogras.be\/fr\/over-ucogras-2\/doelstelling\/#breadcrumb","itemListElement":[{"@type":"ListItem","position":1,"name":"Home","item":"https:\/\/www.ucogras.be\/fr\/"},{"@type":"ListItem","position":2,"name":"Qui sommes-nous","item":"https:\/\/www.ucogras.be\/fr\/over-ucogras-2\/"},{"@type":"ListItem","position":3,"name":"Doelstelling"}]},{"@type":"WebSite","@id":"https:\/\/www.ucogras.be\/fr\/#website","url":"https:\/\/www.ucogras.be\/fr\/","name":"Ucogras","description":"Belgische beroepsvereniging oli\u00ebn en vetten","potentialAction":[{"@type":"SearchAction","target":{"@type":"EntryPoint","urlTemplate":"https:\/\/www.ucogras.be\/fr\/?s={search_term_string}"},"query-input":{"@type":"PropertyValueSpecification","valueRequired":true,"valueName":"search_term_string"}}],"inLanguage":"fr-FR"}]}},"_links":{"self":[{"href":"https:\/\/www.ucogras.be\/fr\/wp-json\/wp\/v2\/pages\/2493","targetHints":{"allow":["GET"]}}],"collection":[{"href":"https:\/\/www.ucogras.be\/fr\/wp-json\/wp\/v2\/pages"}],"about":[{"href":"https:\/\/www.ucogras.be\/fr\/wp-json\/wp\/v2\/types\/page"}],"author":[{"embeddable":true,"href":"https:\/\/www.ucogras.be\/fr\/wp-json\/wp\/v2\/users\/1"}],"replies":[{"embeddable":true,"href":"https:\/\/www.ucogras.be\/fr\/wp-json\/wp\/v2\/comments?post=2493"}],"version-history":[{"count":2,"href":"https:\/\/www.ucogras.be\/fr\/wp-json\/wp\/v2\/pages\/2493\/revisions"}],"predecessor-version":[{"id":2628,"href":"https:\/\/www.ucogras.be\/fr\/wp-json\/wp\/v2\/pages\/2493\/revisions\/2628"}],"up":[{"embeddable":true,"href":"https:\/\/www.ucogras.be\/fr\/wp-json\/wp\/v2\/pages\/2484"}],"wp:attachment":[{"href":"https:\/\/www.ucogras.be\/fr\/wp-json\/wp\/v2\/media?parent=2493"}],"curies":[{"name":"wp","href":"https:\/\/api.w.org\/{rel}","templated":true}]}}